{"id":313,"date":"2024-02-21T11:45:04","date_gmt":"2024-02-21T11:45:04","guid":{"rendered":"https:\/\/testerwp.com\/elementor-wp\/automobile-elementor\/?page_id=11"},"modified":"2024-10-21T19:48:27","modified_gmt":"2024-10-21T17:48:27","slug":"home","status":"publish","type":"page","link":"https:\/\/thesnackstop.de\/","title":{"rendered":"Home"},"content":{"rendered":"\t\t<div data-elementor-type=\"wp-page\" data-elementor-id=\"313\" class=\"elementor elementor-313\">\n\t\t\t\t\t\t<section class=\"elementor-section elementor-top-section elementor-element elementor-element-3f986535 elementor-section-boxed elementor-section-height-default elementor-section-height-default\" data-id=\"3f986535\" data-element_type=\"section\" data-settings=\"{&quot;background_background&quot;:&quot;classic&quot;}\">\n\t\t\t\t\t\t\t<div class=\"elementor-background-overlay\"><\/div>\n\t\t\t\t\t\t\t<div class=\"elementor-container elementor-column-gap-default\">\n\t\t\t\t\t<div class=\"elementor-column elementor-col-100 elementor-top-column elementor-element elementor-element-2c42ba2e\" data-id=\"2c42ba2e\" data-element_type=\"column\">\n\t\t\t<div class=\"elementor-widget-wrap elementor-element-populated\">\n\t\t\t\t\t\t<div class=\"elementor-element elementor-element-435f74fa elementor-widget elementor-widget-elementskit-heading\" data-id=\"435f74fa\" data-element_type=\"widget\" data-widget_type=\"elementskit-heading.default\">\n\t\t\t\t<div class=\"elementor-widget-container\">\n\t\t\t<div class=\"ekit-wid-con\" ><div class=\"ekit-heading elementskit-section-title-wraper text_center   ekit_heading_tablet-   ekit_heading_mobile-\"><h3 class=\"elementskit-section-subtitle  \">\n\t\t\t\t\t\t#deinsnackdeinstopp\n\t\t\t\t\t<\/h3><h2 class=\"ekit-heading--title elementskit-section-title \">So Fresh, so nice!<\/h2>\t\t\t\t<div class='ekit-heading__description'>\n\t\t\t\t\t<p>Finde unsere Automaten auch in deiner N\u00e4he!<\/p>\n\t\t\t\t<\/div>\n\t\t\t<\/div><\/div>\t\t<\/div>\n\t\t\t\t<\/div>\n\t\t\t\t<div class=\"elementor-element elementor-element-36bf2218 elementor-widget__width-auto elementor-widget elementor-widget-elementskit-button\" data-id=\"36bf2218\" data-element_type=\"widget\" data-widget_type=\"elementskit-button.default\">\n\t\t\t\t<div class=\"elementor-widget-container\">\n\t\t\t<div class=\"ekit-wid-con\" >\t\t<div class=\"ekit-btn-wraper\">\n\t\t\t\t\t\t\t<a href=\"#\" class=\"elementskit-btn  whitespace--normal\" id=\"\">\n\t\t\t\t\tIch m\u00f6chte einen Stanort vorschlagen\t\t\t\t<\/a>\n\t\t\t\t\t<\/div>\n        <\/div>\t\t<\/div>\n\t\t\t\t<\/div>\n\t\t\t\t<div class=\"elementor-element elementor-element-24d491b7 elementor-widget__width-auto elementor-widget elementor-widget-elementskit-button\" data-id=\"24d491b7\" data-element_type=\"widget\" data-widget_type=\"elementskit-button.default\">\n\t\t\t\t<div class=\"elementor-widget-container\">\n\t\t\t<div class=\"ekit-wid-con\" >\t\t<div class=\"ekit-btn-wraper\">\n\t\t\t\t\t\t\t<a href=\"#\" class=\"elementskit-btn  whitespace--normal\" id=\"\">\n\t\t\t\t\tIch suche f\u00fcr mein Unternehmen einen Automaten\t\t\t\t<\/a>\n\t\t\t\t\t<\/div>\n        <\/div>\t\t<\/div>\n\t\t\t\t<\/div>\n\t\t\t\t\t<\/div>\n\t\t<\/div>\n\t\t\t\t\t<\/div>\n\t\t<\/section>\n\t\t\t\t<section class=\"elementor-section elementor-top-section elementor-element elementor-element-43d77f3b elementor-section-boxed elementor-section-height-default elementor-section-height-default\" data-id=\"43d77f3b\" data-element_type=\"section\" data-settings=\"{&quot;background_background&quot;:&quot;classic&quot;}\">\n\t\t\t\t\t\t<div class=\"elementor-container elementor-column-gap-default\">\n\t\t\t\t\t<div class=\"elementor-column elementor-col-50 elementor-top-column elementor-element elementor-element-60b2e654\" data-id=\"60b2e654\" data-element_type=\"column\">\n\t\t\t<div class=\"elementor-widget-wrap elementor-element-populated\">\n\t\t\t\t\t\t<div class=\"elementor-element elementor-element-3a4c20da elementor-widget elementor-widget-image\" data-id=\"3a4c20da\" data-element_type=\"widget\" data-widget_type=\"image.default\">\n\t\t\t\t<div class=\"elementor-widget-container\">\n\t\t\t\t\t\t\t\t\t\t\t\t\t<img fetchpriority=\"high\" decoding=\"async\" width=\"2560\" height=\"1707\" src=\"https:\/\/thesnackstop.de\/wp-content\/uploads\/2024\/08\/iStock-1778688026-scaled.jpg\" class=\"attachment-full size-full wp-image-608\" alt=\"\" srcset=\"https:\/\/thesnackstop.de\/wp-content\/uploads\/2024\/08\/iStock-1778688026-scaled.jpg 2560w, https:\/\/thesnackstop.de\/wp-content\/uploads\/2024\/08\/iStock-1778688026-300x200.jpg 300w, https:\/\/thesnackstop.de\/wp-content\/uploads\/2024\/08\/iStock-1778688026-1024x683.jpg 1024w, https:\/\/thesnackstop.de\/wp-content\/uploads\/2024\/08\/iStock-1778688026-768x512.jpg 768w, https:\/\/thesnackstop.de\/wp-content\/uploads\/2024\/08\/iStock-1778688026-1536x1024.jpg 1536w, https:\/\/thesnackstop.de\/wp-content\/uploads\/2024\/08\/iStock-1778688026-2048x1365.jpg 2048w\" sizes=\"(max-width: 2560px) 100vw, 2560px\" \/>\t\t\t\t\t\t\t\t\t\t\t\t\t<\/div>\n\t\t\t\t<\/div>\n\t\t\t\t<div class=\"elementor-element elementor-element-4677b528 elementor-absolute elementor-widget elementor-widget-image\" data-id=\"4677b528\" data-element_type=\"widget\" data-settings=\"{&quot;_position&quot;:&quot;absolute&quot;}\" data-widget_type=\"image.default\">\n\t\t\t\t<div class=\"elementor-widget-container\">\n\t\t\t\t\t\t\t\t\t\t\t\t\t<img decoding=\"async\" width=\"2560\" height=\"1707\" src=\"https:\/\/thesnackstop.de\/wp-content\/uploads\/2024\/08\/iStock-1440430728-scaled.jpg\" class=\"attachment-full size-full wp-image-610\" alt=\"\" srcset=\"https:\/\/thesnackstop.de\/wp-content\/uploads\/2024\/08\/iStock-1440430728-scaled.jpg 2560w, https:\/\/thesnackstop.de\/wp-content\/uploads\/2024\/08\/iStock-1440430728-300x200.jpg 300w, https:\/\/thesnackstop.de\/wp-content\/uploads\/2024\/08\/iStock-1440430728-1024x683.jpg 1024w, https:\/\/thesnackstop.de\/wp-content\/uploads\/2024\/08\/iStock-1440430728-768x512.jpg 768w, https:\/\/thesnackstop.de\/wp-content\/uploads\/2024\/08\/iStock-1440430728-1536x1024.jpg 1536w, https:\/\/thesnackstop.de\/wp-content\/uploads\/2024\/08\/iStock-1440430728-2048x1365.jpg 2048w\" sizes=\"(max-width: 2560px) 100vw, 2560px\" \/>\t\t\t\t\t\t\t\t\t\t\t\t\t<\/div>\n\t\t\t\t<\/div>\n\t\t\t\t\t<\/div>\n\t\t<\/div>\n\t\t\t\t<div class=\"elementor-column elementor-col-50 elementor-top-column elementor-element elementor-element-35194a9\" data-id=\"35194a9\" data-element_type=\"column\">\n\t\t\t<div class=\"elementor-widget-wrap elementor-element-populated\">\n\t\t\t\t\t\t<div class=\"elementor-element elementor-element-3f83ec2c elementor-widget elementor-widget-elementskit-heading\" data-id=\"3f83ec2c\" data-element_type=\"widget\" data-widget_type=\"elementskit-heading.default\">\n\t\t\t\t<div class=\"elementor-widget-container\">\n\t\t\t<div class=\"ekit-wid-con\" ><div class=\"ekit-heading elementskit-section-title-wraper text_left   ekit_heading_tablet-   ekit_heading_mobile-\"><h3 class=\"elementskit-section-subtitle  \">\n\t\t\t\t\t\tHerzlich Willkommen bei\n\t\t\t\t\t<\/h3><h2 class=\"ekit-heading--title elementskit-section-title \">The Snack Stop!<\/h2>\t\t\t\t<div class='ekit-heading__description'>\n\t\t\t\t\t<p>Deinem Rund-um-die-Uhr-Anbieter f\u00fcr k\u00f6stliche Snacks und erfrischende Getr\u00e4nke! Egal ob du unterwegs, im B\u00fcro oder zu Hause bist, unsere Snackautomaten sind immer f\u00fcr dich da, um deinen Hunger zu stillen und dich mit deinen Lieblingssnacks zu verw\u00f6hnen. Dein Snack, dein Stopp \u2013 schnell, lecker und genau dann, wenn du es brauchst!<\/p>\n\t\t\t\t<\/div>\n\t\t\t<\/div><\/div>\t\t<\/div>\n\t\t\t\t<\/div>\n\t\t\t\t<div class=\"elementor-element elementor-element-7f51e9b0 ekit-equal-height-disable elementor-widget elementor-widget-elementskit-icon-box\" data-id=\"7f51e9b0\" data-element_type=\"widget\" data-widget_type=\"elementskit-icon-box.default\">\n\t\t\t\t<div class=\"elementor-widget-container\">\n\t\t\t<div class=\"ekit-wid-con\" >        <!-- link opening -->\n                <a href=\"#\" class=\"ekit_global_links\">\n                <!-- end link opening -->\n\n        <div class=\"elementskit-infobox text-left text-left icon-lef-right-aligin elementor-animation- media  \">\n                    <div class=\"elementskit-box-header elementor-animation-\">\n                <div class=\"elementskit-info-box-icon  text-center\">\n                    <i aria-hidden=\"true\" class=\"elementkit-infobox-icon icon icon-diamond1\"><\/i>\n                <\/div>\n          <\/div>\n                        <div class=\"box-body\">\n                            <h3 class=\"elementskit-info-box-title\">\n                    Neue Produkte                <\/h3>\n                        \t\t  <p>Jeden Monat findest du in unseren Automaten mindestens ein neues Produkt!<\/p>\n                                <\/div>\n        \n        \n                <\/div>\n                <\/a>\n        <\/div>\t\t<\/div>\n\t\t\t\t<\/div>\n\t\t\t\t<div class=\"elementor-element elementor-element-674117fa ekit-equal-height-disable elementor-widget elementor-widget-elementskit-icon-box\" data-id=\"674117fa\" data-element_type=\"widget\" data-widget_type=\"elementskit-icon-box.default\">\n\t\t\t\t<div class=\"elementor-widget-container\">\n\t\t\t<div class=\"ekit-wid-con\" >        <!-- link opening -->\n                <a href=\"#\" class=\"ekit_global_links\">\n                <!-- end link opening -->\n\n        <div class=\"elementskit-infobox text-left text-left icon-lef-right-aligin elementor-animation- media  \">\n                    <div class=\"elementskit-box-header elementor-animation-\">\n                <div class=\"elementskit-info-box-icon  text-center\">\n                    <i aria-hidden=\"true\" class=\"elementkit-infobox-icon icon icon-apartment\"><\/i>\n                <\/div>\n          <\/div>\n                        <div class=\"box-body\">\n                            <h3 class=\"elementskit-info-box-title\">\n                    Innen und Au\u00dfen                <\/h3>\n                        \t\t  <p>Uns findest du \u00fcberall, egal ob Drau\u00dfen bei dir im Dorf, oder bei der Arbeit!<\/p>\n                                <\/div>\n        \n        \n                <\/div>\n                <\/a>\n        <\/div>\t\t<\/div>\n\t\t\t\t<\/div>\n\t\t\t\t<div class=\"elementor-element elementor-element-2f50effc elementor-widget elementor-widget-elementskit-button\" data-id=\"2f50effc\" data-element_type=\"widget\" data-widget_type=\"elementskit-button.default\">\n\t\t\t\t<div class=\"elementor-widget-container\">\n\t\t\t<div class=\"ekit-wid-con\" >\t\t<div class=\"ekit-btn-wraper\">\n\t\t\t\t\t\t\t<a href=\"#\" class=\"elementskit-btn  whitespace--normal\" id=\"\">\n\t\t\t\t\tAutomaten anfragen\t\t\t\t<\/a>\n\t\t\t\t\t<\/div>\n        <\/div>\t\t<\/div>\n\t\t\t\t<\/div>\n\t\t\t\t\t<\/div>\n\t\t<\/div>\n\t\t\t\t\t<\/div>\n\t\t<\/section>\n\t\t\t\t<section class=\"elementor-section elementor-top-section elementor-element elementor-element-7a3350c elementor-section-boxed elementor-section-height-default elementor-section-height-default\" data-id=\"7a3350c\" data-element_type=\"section\" data-settings=\"{&quot;background_background&quot;:&quot;classic&quot;}\">\n\t\t\t\t\t\t<div class=\"elementor-container elementor-column-gap-default\">\n\t\t\t\t\t<div class=\"elementor-column elementor-col-100 elementor-top-column elementor-element elementor-element-29d73ca3\" data-id=\"29d73ca3\" data-element_type=\"column\">\n\t\t\t<div class=\"elementor-widget-wrap elementor-element-populated\">\n\t\t\t\t\t\t<section class=\"elementor-section elementor-inner-section elementor-element elementor-element-7698eb3 elementor-section-boxed elementor-section-height-default elementor-section-height-default\" data-id=\"7698eb3\" data-element_type=\"section\">\n\t\t\t\t\t\t<div class=\"elementor-container elementor-column-gap-default\">\n\t\t\t\t\t<div class=\"elementor-column elementor-col-100 elementor-inner-column elementor-element elementor-element-7685e388\" data-id=\"7685e388\" data-element_type=\"column\">\n\t\t\t<div class=\"elementor-widget-wrap elementor-element-populated\">\n\t\t\t\t\t\t<div class=\"elementor-element elementor-element-21241aaa elementor-widget elementor-widget-elementskit-heading\" data-id=\"21241aaa\" data-element_type=\"widget\" data-widget_type=\"elementskit-heading.default\">\n\t\t\t\t<div class=\"elementor-widget-container\">\n\t\t\t<div class=\"ekit-wid-con\" ><div class=\"ekit-heading elementskit-section-title-wraper center   ekit_heading_tablet-   ekit_heading_mobile-\"><h3 class=\"elementskit-section-subtitle  \">\n\t\t\t\t\t\tUnser Team\n\t\t\t\t\t<\/h3><h2 class=\"ekit-heading--title elementskit-section-title \">Das sind wir<\/h2><\/div><\/div>\t\t<\/div>\n\t\t\t\t<\/div>\n\t\t\t\t\t<\/div>\n\t\t<\/div>\n\t\t\t\t\t<\/div>\n\t\t<\/section>\n\t\t\t\t<section class=\"elementor-section elementor-inner-section elementor-element elementor-element-3e8e7044 elementor-section-boxed elementor-section-height-default elementor-section-height-default\" data-id=\"3e8e7044\" data-element_type=\"section\">\n\t\t\t\t\t\t<div class=\"elementor-container elementor-column-gap-default\">\n\t\t\t\t\t<div class=\"elementor-column elementor-col-25 elementor-inner-column elementor-element elementor-element-4488468a\" data-id=\"4488468a\" data-element_type=\"column\">\n\t\t\t<div class=\"elementor-widget-wrap elementor-element-populated\">\n\t\t\t\t\t\t<div class=\"elementor-element elementor-element-20164bc6 elementor-widget elementor-widget-elementskit-team\" data-id=\"20164bc6\" data-element_type=\"widget\" data-widget_type=\"elementskit-team.default\">\n\t\t\t\t<div class=\"elementor-widget-container\">\n\t\t\t<div class=\"ekit-wid-con\">\n\t\t\t\t\t\t\t\t\t\t\t <div class=\"small-gutters image-card-v3\"> \t\t\t\t\t\t\t\t\t\t\t\t\t<div class=\"profile-image-card elementor-animation- ekit-team-img ekit-team-style-long_height_hover text-center\">\n\n\t\t\t\t\t\t\t\t\t\t\t\t\t<img decoding=\"async\" width=\"1200\" height=\"1600\" src=\"https:\/\/thesnackstop.de\/wp-content\/uploads\/2024\/10\/IMG-20240725-WA0012.jpg\" class=\"attachment-full size-full wp-image-697\" alt=\"\" srcset=\"https:\/\/thesnackstop.de\/wp-content\/uploads\/2024\/10\/IMG-20240725-WA0012.jpg 1200w, https:\/\/thesnackstop.de\/wp-content\/uploads\/2024\/10\/IMG-20240725-WA0012-225x300.jpg 225w, https:\/\/thesnackstop.de\/wp-content\/uploads\/2024\/10\/IMG-20240725-WA0012-768x1024.jpg 768w, https:\/\/thesnackstop.de\/wp-content\/uploads\/2024\/10\/IMG-20240725-WA0012-1152x1536.jpg 1152w\" sizes=\"(max-width: 1200px) 100vw, 1200px\" \/>\t\t\t\t\t\t\t\t\t\t\t\t<div class=\"hover-area\">\n\t\t\t\t\t\t\t<div class=\"profile-body\">\n\t\t\t\t\t\t\t\t<h2 class=\"profile-title\">\n\t\t\t\t\t\t\t\t\t\t\t\t\t\t\t\t\tFlorian Wibbe\t\t\t\t\t\t\t\t\t\t\t\t\t\t\t\t<\/h2>\n\t\t\t\t\t\t\t\t<p class=\"profile-designation\">Gesch\u00e4ftsf\u00fchrer, Technische Leitung<\/p>\n\t\t\t\t\t\t\t\t\t\t\t\t\t\t\t<\/div>\n\t\t\t\t\t\t\t\t\t\t\t\t\t<\/div>\n\t\t\t\t\t<\/div>\n\t\t\t\t\t <\/div> \n\t\t\t\t\n\t\t\t\t<\/div>\t\t<\/div>\n\t\t\t\t<\/div>\n\t\t\t\t\t<\/div>\n\t\t<\/div>\n\t\t\t\t<div class=\"elementor-column elementor-col-25 elementor-inner-column elementor-element elementor-element-6f8bf2b\" data-id=\"6f8bf2b\" data-element_type=\"column\">\n\t\t\t<div class=\"elementor-widget-wrap elementor-element-populated\">\n\t\t\t\t\t\t<div class=\"elementor-element elementor-element-57976dd8 elementor-widget elementor-widget-elementskit-team\" data-id=\"57976dd8\" data-element_type=\"widget\" data-widget_type=\"elementskit-team.default\">\n\t\t\t\t<div class=\"elementor-widget-container\">\n\t\t\t<div class=\"ekit-wid-con\">\n\t\t\t\t\t\t\t\t\t\t\t <div class=\"small-gutters image-card-v3\"> \t\t\t\t\t\t\t\t\t\t\t\t\t<div class=\"profile-image-card elementor-animation- ekit-team-img ekit-team-style-long_height_hover text-center\">\n\n\t\t\t\t\t\t\t\t\t\t\t\t\t\t\t\t\t\t\t\t\t\t\t\t\t<div class=\"hover-area\">\n\t\t\t\t\t\t\t<div class=\"profile-body\">\n\t\t\t\t\t\t\t\t<h2 class=\"profile-title\">\n\t\t\t\t\t\t\t\t\t\t\t\t\t\t\t\t\tTravis Jeep\t\t\t\t\t\t\t\t\t\t\t\t\t\t\t\t<\/h2>\n\t\t\t\t\t\t\t\t<p class=\"profile-designation\">Gesch\u00e4ftsf\u00fchrung, Kaufm\u00e4nnische Leitung<\/p>\n\t\t\t\t\t\t\t\t\t\t\t\t\t\t\t<\/div>\n\t\t\t\t\t\t\t\t\t\t\t\t\t<\/div>\n\t\t\t\t\t<\/div>\n\t\t\t\t\t <\/div> \n\t\t\t\t\n\t\t\t\t<\/div>\t\t<\/div>\n\t\t\t\t<\/div>\n\t\t\t\t\t<\/div>\n\t\t<\/div>\n\t\t\t\t<div class=\"elementor-column elementor-col-25 elementor-inner-column elementor-element elementor-element-2b2d812\" data-id=\"2b2d812\" data-element_type=\"column\">\n\t\t\t<div class=\"elementor-widget-wrap\">\n\t\t\t\t\t\t\t<\/div>\n\t\t<\/div>\n\t\t\t\t<div class=\"elementor-column elementor-col-25 elementor-inner-column elementor-element elementor-element-7b7a7499\" data-id=\"7b7a7499\" data-element_type=\"column\">\n\t\t\t<div class=\"elementor-widget-wrap\">\n\t\t\t\t\t\t\t<\/div>\n\t\t<\/div>\n\t\t\t\t\t<\/div>\n\t\t<\/section>\n\t\t\t\t\t<\/div>\n\t\t<\/div>\n\t\t\t\t\t<\/div>\n\t\t<\/section>\n\t\t\t\t<\/div>\n\t\t","protected":false},"excerpt":{"rendered":"<p>#deinsnackdeinstopp So Fresh, so nice! Finde unsere Automaten auch in deiner N\u00e4he! Ich m\u00f6chte einen Stanort vorschlagen Ich suche f\u00fcr mein Unternehmen einen Automaten Herzlich Willkommen bei The Snack Stop! Deinem Rund-um-die-Uhr-Anbieter f\u00fcr k\u00f6stliche Snacks und erfrischende Getr\u00e4nke! Egal ob du unterwegs, im B\u00fcro oder zu Hause bist, unsere Snackautomaten sind immer f\u00fcr dich da,&#8230;<\/p>\n","protected":false},"author":1,"featured_media":0,"parent":0,"menu_order":0,"comment_status":"closed","ping_status":"closed","template":"elementor_header_footer","meta":{"postBodyMargin":[],"postBodyPadding":[],"postBodyBackground":{"backgroundType":"classic","gradient":""},"footnotes":""},"class_list":["post-313","page","type-page","status-publish","hentry"],"_links":{"self":[{"href":"https:\/\/thesnackstop.de\/index.php\/wp-json\/wp\/v2\/pages\/313","targetHints":{"allow":["GET"]}}],"collection":[{"href":"https:\/\/thesnackstop.de\/index.php\/wp-json\/wp\/v2\/pages"}],"about":[{"href":"https:\/\/thesnackstop.de\/index.php\/wp-json\/wp\/v2\/types\/page"}],"author":[{"embeddable":true,"href":"https:\/\/thesnackstop.de\/index.php\/wp-json\/wp\/v2\/users\/1"}],"replies":[{"embeddable":true,"href":"https:\/\/thesnackstop.de\/index.php\/wp-json\/wp\/v2\/comments?post=313"}],"version-history":[{"count":13,"href":"https:\/\/thesnackstop.de\/index.php\/wp-json\/wp\/v2\/pages\/313\/revisions"}],"predecessor-version":[{"id":700,"href":"https:\/\/thesnackstop.de\/index.php\/wp-json\/wp\/v2\/pages\/313\/revisions\/700"}],"wp:attachment":[{"href":"https:\/\/thesnackstop.de\/index.php\/wp-json\/wp\/v2\/media?parent=313"}],"curies":[{"name":"wp","href":"https:\/\/api.w.org\/{rel}","templated":true}]}}